{"id":211,"date":"2026-01-29T14:47:09","date_gmt":"2026-01-29T14:47:09","guid":{"rendered":"https:\/\/blickpartners.se\/?page_id=211"},"modified":"2026-02-27T11:19:41","modified_gmt":"2026-02-27T11:19:41","slug":"om-oss","status":"publish","type":"page","link":"https:\/\/blickpartners.se\/en\/om-oss\/","title":{"rendered":"About Us"},"content":{"rendered":"<div data-elementor-type=\"wp-page\" data-elementor-id=\"211\" class=\"elementor elementor-211\" data-elementor-post-type=\"page\">\n\t\t\t\t<div class=\"elementor-element elementor-element-5a578b27 e-con-full e-flex e-con e-parent\" data-id=\"5a578b27\" data-element_type=\"container\" data-e-type=\"container\" data-settings=\"{&quot;background_background&quot;:&quot;classic&quot;}\">\n\t\t<div class=\"elementor-element elementor-element-f092103 e-flex e-con-boxed e-con e-child\" data-id=\"f092103\" data-element_type=\"container\" data-e-type=\"container\">\n\t\t\t\t\t<div class=\"e-con-inner\">\n\t\t\t\t<div class=\"elementor-element elementor-element-3e59f7cf elementor-widget__width-initial elementor-widget-mobile__width-inherit elementor-invisible elementor-widget elementor-widget-heading\" data-id=\"3e59f7cf\" data-element_type=\"widget\" data-e-type=\"widget\" data-settings=\"{&quot;_animation&quot;:&quot;fadeInUp&quot;}\" data-widget_type=\"heading.default\">\n\t\t\t\t\t<h1 class=\"elementor-heading-title elementor-size-default\">About Us<\/h1>\t\t\t\t<\/div>\n\t\t\t\t\t<\/div>\n\t\t\t\t<\/div>\n\t\t\t\t<\/div>\n\t\t<div class=\"elementor-element elementor-element-4f6863d9 e-flex e-con-boxed e-con e-parent\" data-id=\"4f6863d9\" data-element_type=\"container\" data-e-type=\"container\">\n\t\t\t\t\t<div class=\"e-con-inner\">\n\t\t<div class=\"elementor-element elementor-element-2e9218dc e-con-full e-flex e-con e-child\" data-id=\"2e9218dc\" data-element_type=\"container\" data-e-type=\"container\">\n\t\t<div class=\"elementor-element elementor-element-443e6ef9 e-con-full e-flex e-con e-child\" data-id=\"443e6ef9\" data-element_type=\"container\" data-e-type=\"container\">\n\t\t\t\t<div class=\"elementor-element elementor-element-5ad07bb elementor-widget elementor-widget-heading\" data-id=\"5ad07bb\" data-element_type=\"widget\" data-e-type=\"widget\" data-widget_type=\"heading.default\">\n\t\t\t\t\t<h2 class=\"elementor-heading-title elementor-size-default\">Why we exist<\/h2>\t\t\t\t<\/div>\n\t\t<div class=\"elementor-element elementor-element-a8fe0f7 e-con-full e-flex e-con e-child\" data-id=\"a8fe0f7\" data-element_type=\"container\" data-e-type=\"container\">\n\t\t\t\t<div class=\"elementor-element elementor-element-d25a7ca elementor-widget__width-initial elementor-invisible elementor-widget elementor-widget-text-editor\" data-id=\"d25a7ca\" data-element_type=\"widget\" data-e-type=\"widget\" data-settings=\"{&quot;_animation&quot;:&quot;fadeInUp&quot;}\" data-widget_type=\"text-editor.default\">\n\t\t\t\t\t\t\t\t\t<p>For a long time, Private Equity as an asset class has generated very strong returns for its investors, often higher than many other available asset classes. Blick Partners was founded on the basis of two fundamental observations.<\/p>\t\t\t\t\t\t\t\t<\/div>\n\t\t\t\t<div class=\"elementor-element elementor-element-51f3136 elementor-hidden-tablet elementor-hidden-mobile elementor-view-default elementor-widget elementor-widget-icon\" data-id=\"51f3136\" data-element_type=\"widget\" data-e-type=\"widget\" data-settings=\"{&quot;_animation_widescreen&quot;:&quot;fadeInUp&quot;}\" data-widget_type=\"icon.default\">\n\t\t\t\t\t\t\t<div class=\"elementor-icon-wrapper\">\n\t\t\t<div class=\"elementor-icon\">\n\t\t\t<i aria-hidden=\"true\" class=\"icon icon-right-arrow\"><\/i>\t\t\t<\/div>\n\t\t<\/div>\n\t\t\t\t\t\t<\/div>\n\t\t\t\t<\/div>\n\t\t\t\t<div class=\"elementor-element elementor-element-adb6cf7 elementor-invisible elementor-widget elementor-widget-text-editor\" data-id=\"adb6cf7\" data-element_type=\"widget\" data-e-type=\"widget\" data-settings=\"{&quot;_animation&quot;:&quot;fadeInUp&quot;}\" data-widget_type=\"text-editor.default\">\n\t\t\t\t\t\t\t\t\t<p>Properly designed MIPs create a powerful link between ownership, accountability and value creation, with clear effects on growth, profitability and, ultimately, shareholder value. Experience shows that when key individuals invest alongside their colleagues in the business they believe in and can themselves influence, both engagement and the quality of decision-making are strengthened.<\/p>\t\t\t\t\t\t\t\t<\/div>\n\t\t\t\t<\/div>\n\t\t<div class=\"elementor-element elementor-element-6888521d e-con-full e-flex e-con e-child\" data-id=\"6888521d\" data-element_type=\"container\" data-e-type=\"container\">\n\t\t<div class=\"elementor-element elementor-element-a14263c e-con-full e-flex e-con e-child\" data-id=\"a14263c\" data-element_type=\"container\" data-e-type=\"container\">\n\t\t<div class=\"elementor-element elementor-element-f1c7c89 e-con-full e-flex e-con e-child\" data-id=\"f1c7c89\" data-element_type=\"container\" data-e-type=\"container\" data-settings=\"{&quot;background_background&quot;:&quot;classic&quot;}\">\n\t\t\t\t<div class=\"elementor-element elementor-element-be2afb6 elementor-widget__width-initial elementor-widget elementor-widget-heading\" data-id=\"be2afb6\" data-element_type=\"widget\" data-e-type=\"widget\" data-widget_type=\"heading.default\">\n\t\t\t\t\t<h3 class=\"elementor-heading-title elementor-size-default\">1<\/h3>\t\t\t\t<\/div>\n\t\t\t\t<div class=\"elementor-element elementor-element-fa67018 elementor-widget__width-initial elementor-invisible elementor-widget elementor-widget-text-editor\" data-id=\"fa67018\" data-element_type=\"widget\" data-e-type=\"widget\" data-settings=\"{&quot;_animation&quot;:&quot;fadeInUp&quot;}\" data-widget_type=\"text-editor.default\">\n\t\t\t\t\t\t\t\t\t<p>One of the key reasons for the strong returns is the Private Equity model\u2019s clear focus on allowing key individuals in portfolio companies to invest side by side with the fund through long-term, equity-based incentive programs (MIP).<\/p>\t\t\t\t\t\t\t\t<\/div>\n\t\t\t\t<\/div>\n\t\t<div class=\"elementor-element elementor-element-9947a1a e-con-full e-flex e-con e-child\" data-id=\"9947a1a\" data-element_type=\"container\" data-e-type=\"container\" data-settings=\"{&quot;background_background&quot;:&quot;classic&quot;}\">\n\t\t\t\t<div class=\"elementor-element elementor-element-e4346eb elementor-widget__width-initial elementor-widget elementor-widget-heading\" data-id=\"e4346eb\" data-element_type=\"widget\" data-e-type=\"widget\" data-widget_type=\"heading.default\">\n\t\t\t\t\t<h3 class=\"elementor-heading-title elementor-size-default\">2<\/h3>\t\t\t\t<\/div>\n\t\t\t\t<div class=\"elementor-element elementor-element-1cd3174 elementor-widget__width-initial elementor-invisible elementor-widget elementor-widget-text-editor\" data-id=\"1cd3174\" data-element_type=\"widget\" data-e-type=\"widget\" data-settings=\"{&quot;_animation&quot;:&quot;fadeInUp&quot;}\" data-widget_type=\"text-editor.default\">\n\t\t\t\t\t\t\t\t\t<p>All too often, a good balance between the interests of the principal owners and the participants is not achieved in the design and implementation of these programs.<\/p>\t\t\t\t\t\t\t\t<\/div>\n\t\t\t\t<\/div>\n\t\t\t\t<\/div>\n\t\t\t\t<\/div>\n\t\t\t\t<\/div>\n\t\t\t\t\t<\/div>\n\t\t\t\t<\/div>\n\t\t<div class=\"elementor-element elementor-element-84f919f e-flex e-con-boxed e-con e-parent\" data-id=\"84f919f\" data-element_type=\"container\" data-e-type=\"container\">\n\t\t\t\t\t<div class=\"e-con-inner\">\n\t\t<div class=\"elementor-element elementor-element-9cb1884 e-con-full e-flex e-con e-child\" data-id=\"9cb1884\" data-element_type=\"container\" data-e-type=\"container\">\n\t\t<div class=\"elementor-element elementor-element-3be5b5c e-con-full e-flex e-con e-child\" data-id=\"3be5b5c\" data-element_type=\"container\" data-e-type=\"container\">\n\t\t\t\t<div class=\"elementor-element elementor-element-36cc929 elementor-invisible elementor-widget elementor-widget-text-editor\" data-id=\"36cc929\" data-element_type=\"widget\" data-e-type=\"widget\" data-settings=\"{&quot;_animation&quot;:&quot;fadeInUp&quot;}\" data-widget_type=\"text-editor.default\">\n\t\t\t\t\t\t\t\t\t<p>Despite the fact that MIP structures have historically provided senior executives in Nordic companies with a unique opportunity to share the returns they themselves help generate, many Private Equity funds have historically been too weak in the implementation of this important tool. Poor design, unclear communication and pressured transaction environments have resulted in the program terms not being sufficiently robust, and therefore not becoming as effective as intended.<\/p><p>Participants deserve good terms, high transparency, and a structure that is both fair and effective.<\/p><p>Blick Partners acts as management\u2019s own representative in transactions where a new owner wishes to implement an MIP.\u00a0<\/p>\t\t\t\t\t\t\t\t<\/div>\n\t\t\t\t<\/div>\n\t\t\t\t<\/div>\n\t\t\t\t\t<\/div>\n\t\t\t\t<\/div>\n\t\t<div class=\"elementor-element elementor-element-80f9959 e-flex e-con-boxed e-con e-parent\" data-id=\"80f9959\" data-element_type=\"container\" data-e-type=\"container\">\n\t\t\t\t\t<div class=\"e-con-inner\">\n\t\t<div class=\"elementor-element elementor-element-2e322b6 e-con-full e-flex e-con e-child\" data-id=\"2e322b6\" data-element_type=\"container\" data-e-type=\"container\" data-settings=\"{&quot;background_background&quot;:&quot;classic&quot;}\">\n\t\t\t\t<div class=\"elementor-element elementor-element-51724a8 elementor-invisible elementor-widget elementor-widget-text-editor\" data-id=\"51724a8\" data-element_type=\"widget\" data-e-type=\"widget\" data-settings=\"{&quot;_animation&quot;:&quot;fadeInUp&quot;}\" data-widget_type=\"text-editor.default\">\n\t\t\t\t\t\t\t\t\t<ul><li><p>We represent the participants in negotiating the structure and terms and ensure management\u2019s understanding of the financial implications of the program.<\/p><\/li><\/ul>\t\t\t\t\t\t\t\t<\/div>\n\t\t\t\t<\/div>\n\t\t<div class=\"elementor-element elementor-element-34236ac e-con-full e-flex e-con e-child\" data-id=\"34236ac\" data-element_type=\"container\" data-e-type=\"container\" data-settings=\"{&quot;background_background&quot;:&quot;classic&quot;}\">\n\t\t\t\t<div class=\"elementor-element elementor-element-7aaa94a elementor-invisible elementor-widget elementor-widget-text-editor\" data-id=\"7aaa94a\" data-element_type=\"widget\" data-e-type=\"widget\" data-settings=\"{&quot;_animation&quot;:&quot;fadeInUp&quot;}\" data-widget_type=\"text-editor.default\">\n\t\t\t\t\t\t\t\t\t<ul><li><p>We relieve the CEO and CFO in the implementation of the program and manage the entire process internally, allowing senior management to focus on operations and due diligence.\u00a0<\/p><\/li><\/ul>\t\t\t\t\t\t\t\t<\/div>\n\t\t\t\t<\/div>\n\t\t<div class=\"elementor-element elementor-element-d1d4968 e-con-full e-flex e-con e-child\" data-id=\"d1d4968\" data-element_type=\"container\" data-e-type=\"container\" data-settings=\"{&quot;background_background&quot;:&quot;classic&quot;}\">\n\t\t\t\t<div class=\"elementor-element elementor-element-d1ee9bd elementor-invisible elementor-widget elementor-widget-text-editor\" data-id=\"d1ee9bd\" data-element_type=\"widget\" data-e-type=\"widget\" data-settings=\"{&quot;_animation&quot;:&quot;fadeInUp&quot;}\" data-widget_type=\"text-editor.default\">\n\t\t\t\t\t\t\t\t\t<ul><li><p>We eliminate the information gap so that each participant can make their investment decision with full transparency, clarity, and professional support.<\/p><\/li><\/ul>\t\t\t\t\t\t\t\t<\/div>\n\t\t\t\t<\/div>\n\t\t<div class=\"elementor-element elementor-element-853ef61 e-con-full e-flex e-con e-child\" data-id=\"853ef61\" data-element_type=\"container\" data-e-type=\"container\" data-settings=\"{&quot;background_background&quot;:&quot;classic&quot;}\">\n\t\t\t\t<div class=\"elementor-element elementor-element-cbe0198 elementor-invisible elementor-widget elementor-widget-text-editor\" data-id=\"cbe0198\" data-element_type=\"widget\" data-e-type=\"widget\" data-settings=\"{&quot;_animation&quot;:&quot;fadeInUp&quot;}\" data-widget_type=\"text-editor.default\">\n\t\t\t\t\t\t\t\t\t<ul><li><p>By optimizing the terms and increasing understanding of value creation, we lay the foundation for strong engagement and maximized value creation for all shareholders through to exit.<\/p><\/li><\/ul>\t\t\t\t\t\t\t\t<\/div>\n\t\t\t\t<\/div>\n\t\t\t\t\t<\/div>\n\t\t\t\t<\/div>\n\t\t<div class=\"elementor-element elementor-element-ea56765 e-flex e-con-boxed e-con e-parent\" data-id=\"ea56765\" data-element_type=\"container\" data-e-type=\"container\">\n\t\t\t\t\t<div class=\"e-con-inner\">\n\t\t<div class=\"elementor-element elementor-element-5b39afe e-con-full e-flex e-con e-child\" data-id=\"5b39afe\" data-element_type=\"container\" data-e-type=\"container\">\n\t\t<div class=\"elementor-element elementor-element-5004dc6 e-con-full e-flex e-con e-child\" data-id=\"5004dc6\" data-element_type=\"container\" data-e-type=\"container\">\n\t\t\t\t<div class=\"elementor-element elementor-element-e1638a1 elementor-invisible elementor-widget elementor-widget-text-editor\" data-id=\"e1638a1\" data-element_type=\"widget\" data-e-type=\"widget\" data-settings=\"{&quot;_animation&quot;:&quot;fadeInUp&quot;}\" data-widget_type=\"text-editor.default\">\n\t\t\t\t\t\t\t\t\t<p>We also want more Nordic companies to embrace the most successful elements of the Private Equity model. That is why we help privately owned companies, without financial owners, to design attractive and effective incentive programs ahead of a future sale. Strong financial performance, combined with the right incentive structure prior to an exit, creates significant value \u2013 for both owners and management.<\/p>\t\t\t\t\t\t\t\t<\/div>\n\t\t\t\t<\/div>\n\t\t<div class=\"elementor-element elementor-element-e8c19f1 e-con-full e-flex e-con e-child\" data-id=\"e8c19f1\" data-element_type=\"container\" data-e-type=\"container\">\n\t\t\t\t<div class=\"elementor-element elementor-element-5ebc257 elementor-align-left elementor-widget__width-initial elementor-widget-mobile__width-inherit elementor-invisible elementor-widget elementor-widget-button\" data-id=\"5ebc257\" data-element_type=\"widget\" data-e-type=\"widget\" data-settings=\"{&quot;_animation&quot;:&quot;fadeInUp&quot;,&quot;_animation_delay&quot;:250}\" data-widget_type=\"button.default\">\n\t\t\t\t\t\t\t\t\t\t<a class=\"elementor-button elementor-button-link elementor-size-sm elementor-animation-sink\" href=\"https:\/\/blickpartners.se\/en\/vara-tjanster\/\">\n\t\t\t\t\t\t<span class=\"elementor-button-content-wrapper\">\n\t\t\t\t\t\t<span class=\"elementor-button-icon\">\n\t\t\t\t<svg aria-hidden=\"true\" class=\"e-font-icon-svg e-fas-arrow-right\" viewbox=\"0 0 448 512\" xmlns=\"http:\/\/www.w3.org\/2000\/svg\"><path d=\"M190.5 66.9l22.2-22.2c9.4-9.4 24.6-9.4 33.9 0L441 239c9.4 9.4 9.4 24.6 0 33.9L246.6 467.3c-9.4 9.4-24.6 9.4-33.9 0l-22.2-22.2c-9.5-9.5-9.3-25 .4-34.3L311.4 296H24c-13.3 0-24-10.7-24-24v-32c0-13.3 10.7-24 24-24h287.4L190.9 101.2c-9.8-9.3-10-24.8-.4-34.3z\"><\/path><\/svg>\t\t\t<\/span>\n\t\t\t\t\t\t\t\t\t<span class=\"elementor-button-text\">Explore our offering<\/span>\n\t\t\t\t\t<\/span>\n\t\t\t\t\t<\/a>\n\t\t\t\t\t\t\t\t<\/div>\n\t\t\t\t<div class=\"elementor-element elementor-element-ab34427 elementor-align-left elementor-widget__width-initial elementor-widget-mobile__width-inherit elementor-invisible elementor-widget elementor-widget-button\" data-id=\"ab34427\" data-element_type=\"widget\" data-e-type=\"widget\" data-settings=\"{&quot;_animation&quot;:&quot;fadeInUp&quot;,&quot;_animation_delay&quot;:250}\" data-widget_type=\"button.default\">\n\t\t\t\t\t\t\t\t\t\t<a class=\"elementor-button elementor-button-link elementor-size-sm elementor-animation-sink\" href=\"https:\/\/blickpartners.se\/en\/vart-team\/\">\n\t\t\t\t\t\t<span class=\"elementor-button-content-wrapper\">\n\t\t\t\t\t\t<span class=\"elementor-button-icon\">\n\t\t\t\t<svg aria-hidden=\"true\" class=\"e-font-icon-svg e-fas-arrow-right\" viewbox=\"0 0 448 512\" xmlns=\"http:\/\/www.w3.org\/2000\/svg\"><path d=\"M190.5 66.9l22.2-22.2c9.4-9.4 24.6-9.4 33.9 0L441 239c9.4 9.4 9.4 24.6 0 33.9L246.6 467.3c-9.4 9.4-24.6 9.4-33.9 0l-22.2-22.2c-9.5-9.5-9.3-25 .4-34.3L311.4 296H24c-13.3 0-24-10.7-24-24v-32c0-13.3 10.7-24 24-24h287.4L190.9 101.2c-9.8-9.3-10-24.8-.4-34.3z\"><\/path><\/svg>\t\t\t<\/span>\n\t\t\t\t\t\t\t\t\t<span class=\"elementor-button-text\">Learn more about our team<\/span>\n\t\t\t\t\t<\/span>\n\t\t\t\t\t<\/a>\n\t\t\t\t\t\t\t\t<\/div>\n\t\t\t\t<\/div>\n\t\t\t\t<\/div>\n\t\t\t\t\t<\/div>\n\t\t\t\t<\/div>\n\t\t\t\t<\/div>","protected":false},"excerpt":{"rendered":"<p>Om oss Varf\u00f6r vi finns Under l\u00e5ng tid har Private Equity som tillg\u00e5ngsklass genererat mycket god avkastning f\u00f6r sina investerare, ofta h\u00f6gre \u00e4n m\u00e5nga andra tillg\u00e4ngliga tillg\u00e5ngsslag. Blick Partners grundades utifr\u00e5n tv\u00e5 grundl\u00e4ggande observationer. R\u00e4tt utformade MIP skapar ett kraftfullt samband mellan \u00e4garskap, ansvarstagande och v\u00e4rdeskapande, med tydliga effekter p\u00e5 tillv\u00e4xt, l\u00f6nsamhet och i f\u00f6rl\u00e4ngningen [&hellip;]<\/p>\n","protected":false},"author":1,"featured_media":0,"parent":0,"menu_order":0,"comment_status":"closed","ping_status":"closed","template":"elementor_header_footer","meta":{"inline_featured_image":false,"footnotes":""},"class_list":["post-211","page","type-page","status-publish","hentry"],"yoast_head":"<!-- This site is optimized with the Yoast SEO plugin v27.3 - https:\/\/yoast.com\/product\/yoast-seo-wordpress\/ -->\n<title>Om oss - Blick Partners<\/title>\n<meta name=\"robots\" content=\"index, follow, max-snippet:-1, max-image-preview:large, max-video-preview:-1\" \/>\n<link rel=\"canonical\" href=\"https:\/\/blickpartners.se\/en\/om-oss\/\" \/>\n<meta property=\"og:locale\" content=\"en_GB\" \/>\n<meta property=\"og:type\" content=\"article\" \/>\n<meta property=\"og:title\" content=\"Om oss - Blick Partners\" \/>\n<meta property=\"og:description\" content=\"Om oss Varf\u00f6r vi finns Under l\u00e5ng tid har Private Equity som tillg\u00e5ngsklass genererat mycket god avkastning f\u00f6r sina investerare, ofta h\u00f6gre \u00e4n m\u00e5nga andra tillg\u00e4ngliga tillg\u00e5ngsslag. Blick Partners grundades utifr\u00e5n tv\u00e5 grundl\u00e4ggande observationer. R\u00e4tt utformade MIP skapar ett kraftfullt samband mellan \u00e4garskap, ansvarstagande och v\u00e4rdeskapande, med tydliga effekter p\u00e5 tillv\u00e4xt, l\u00f6nsamhet och i f\u00f6rl\u00e4ngningen [&hellip;]\" \/>\n<meta property=\"og:url\" content=\"https:\/\/blickpartners.se\/en\/om-oss\/\" \/>\n<meta property=\"og:site_name\" content=\"Blick Partners\" \/>\n<meta property=\"article:modified_time\" content=\"2026-02-27T11:19:41+00:00\" \/>\n<meta name=\"twitter:card\" content=\"summary_large_image\" \/>\n<meta name=\"twitter:label1\" content=\"Estimated reading time\" \/>\n\t<meta name=\"twitter:data1\" content=\"2 minutes\" \/>\n<script type=\"application\/ld+json\" class=\"yoast-schema-graph\">{\"@context\":\"https:\\\/\\\/schema.org\",\"@graph\":[{\"@type\":\"WebPage\",\"@id\":\"https:\\\/\\\/blickpartners.se\\\/om-oss\\\/\",\"url\":\"https:\\\/\\\/blickpartners.se\\\/om-oss\\\/\",\"name\":\"Om oss - Blick Partners\",\"isPartOf\":{\"@id\":\"https:\\\/\\\/blickpartners.se\\\/#website\"},\"datePublished\":\"2026-01-29T14:47:09+00:00\",\"dateModified\":\"2026-02-27T11:19:41+00:00\",\"breadcrumb\":{\"@id\":\"https:\\\/\\\/blickpartners.se\\\/om-oss\\\/#breadcrumb\"},\"inLanguage\":\"en-GB\",\"potentialAction\":[{\"@type\":\"ReadAction\",\"target\":[\"https:\\\/\\\/blickpartners.se\\\/om-oss\\\/\"]}]},{\"@type\":\"BreadcrumbList\",\"@id\":\"https:\\\/\\\/blickpartners.se\\\/om-oss\\\/#breadcrumb\",\"itemListElement\":[{\"@type\":\"ListItem\",\"position\":1,\"name\":\"Hem\",\"item\":\"https:\\\/\\\/blickpartners.se\\\/\"},{\"@type\":\"ListItem\",\"position\":2,\"name\":\"Om oss\"}]},{\"@type\":\"WebSite\",\"@id\":\"https:\\\/\\\/blickpartners.se\\\/#website\",\"url\":\"https:\\\/\\\/blickpartners.se\\\/\",\"name\":\"Blick Partners\",\"description\":\"\",\"publisher\":{\"@id\":\"https:\\\/\\\/blickpartners.se\\\/#organization\"},\"potentialAction\":[{\"@type\":\"SearchAction\",\"target\":{\"@type\":\"EntryPoint\",\"urlTemplate\":\"https:\\\/\\\/blickpartners.se\\\/?s={search_term_string}\"},\"query-input\":{\"@type\":\"PropertyValueSpecification\",\"valueRequired\":true,\"valueName\":\"search_term_string\"}}],\"inLanguage\":\"en-GB\"},{\"@type\":\"Organization\",\"@id\":\"https:\\\/\\\/blickpartners.se\\\/#organization\",\"name\":\"Blick Partners\",\"url\":\"https:\\\/\\\/blickpartners.se\\\/\",\"logo\":{\"@type\":\"ImageObject\",\"inLanguage\":\"en-GB\",\"@id\":\"https:\\\/\\\/blickpartners.se\\\/#\\\/schema\\\/logo\\\/image\\\/\",\"url\":\"https:\\\/\\\/blickpartners.se\\\/wp-content\\\/uploads\\\/2026\\\/01\\\/BLICK-Logo-260121.svg\",\"contentUrl\":\"https:\\\/\\\/blickpartners.se\\\/wp-content\\\/uploads\\\/2026\\\/01\\\/BLICK-Logo-260121.svg\",\"width\":82,\"height\":82,\"caption\":\"Blick Partners\"},\"image\":{\"@id\":\"https:\\\/\\\/blickpartners.se\\\/#\\\/schema\\\/logo\\\/image\\\/\"}}]}<\/script>\n<!-- \/ Yoast SEO plugin. -->","yoast_head_json":{"title":"Om oss - Blick Partners","robots":{"index":"index","follow":"follow","max-snippet":"max-snippet:-1","max-image-preview":"max-image-preview:large","max-video-preview":"max-video-preview:-1"},"canonical":"https:\/\/blickpartners.se\/en\/om-oss\/","og_locale":"en_GB","og_type":"article","og_title":"Om oss - Blick Partners","og_description":"Om oss Varf\u00f6r vi finns Under l\u00e5ng tid har Private Equity som tillg\u00e5ngsklass genererat mycket god avkastning f\u00f6r sina investerare, ofta h\u00f6gre \u00e4n m\u00e5nga andra tillg\u00e4ngliga tillg\u00e5ngsslag. Blick Partners grundades utifr\u00e5n tv\u00e5 grundl\u00e4ggande observationer. R\u00e4tt utformade MIP skapar ett kraftfullt samband mellan \u00e4garskap, ansvarstagande och v\u00e4rdeskapande, med tydliga effekter p\u00e5 tillv\u00e4xt, l\u00f6nsamhet och i f\u00f6rl\u00e4ngningen [&hellip;]","og_url":"https:\/\/blickpartners.se\/en\/om-oss\/","og_site_name":"Blick Partners","article_modified_time":"2026-02-27T11:19:41+00:00","twitter_card":"summary_large_image","twitter_misc":{"Estimated reading time":"2 minutes"},"schema":{"@context":"https:\/\/schema.org","@graph":[{"@type":"WebPage","@id":"https:\/\/blickpartners.se\/om-oss\/","url":"https:\/\/blickpartners.se\/om-oss\/","name":"Om oss - Blick Partners","isPartOf":{"@id":"https:\/\/blickpartners.se\/#website"},"datePublished":"2026-01-29T14:47:09+00:00","dateModified":"2026-02-27T11:19:41+00:00","breadcrumb":{"@id":"https:\/\/blickpartners.se\/om-oss\/#breadcrumb"},"inLanguage":"en-GB","potentialAction":[{"@type":"ReadAction","target":["https:\/\/blickpartners.se\/om-oss\/"]}]},{"@type":"BreadcrumbList","@id":"https:\/\/blickpartners.se\/om-oss\/#breadcrumb","itemListElement":[{"@type":"ListItem","position":1,"name":"Hem","item":"https:\/\/blickpartners.se\/"},{"@type":"ListItem","position":2,"name":"Om oss"}]},{"@type":"WebSite","@id":"https:\/\/blickpartners.se\/#website","url":"https:\/\/blickpartners.se\/","name":"Blick Partners","description":"","publisher":{"@id":"https:\/\/blickpartners.se\/#organization"},"potentialAction":[{"@type":"SearchAction","target":{"@type":"EntryPoint","urlTemplate":"https:\/\/blickpartners.se\/?s={search_term_string}"},"query-input":{"@type":"PropertyValueSpecification","valueRequired":true,"valueName":"search_term_string"}}],"inLanguage":"en-GB"},{"@type":"Organization","@id":"https:\/\/blickpartners.se\/#organization","name":"Blick Partners","url":"https:\/\/blickpartners.se\/","logo":{"@type":"ImageObject","inLanguage":"en-GB","@id":"https:\/\/blickpartners.se\/#\/schema\/logo\/image\/","url":"https:\/\/blickpartners.se\/wp-content\/uploads\/2026\/01\/BLICK-Logo-260121.svg","contentUrl":"https:\/\/blickpartners.se\/wp-content\/uploads\/2026\/01\/BLICK-Logo-260121.svg","width":82,"height":82,"caption":"Blick Partners"},"image":{"@id":"https:\/\/blickpartners.se\/#\/schema\/logo\/image\/"}}]}},"_links":{"self":[{"href":"https:\/\/blickpartners.se\/en\/wp-json\/wp\/v2\/pages\/211","targetHints":{"allow":["GET"]}}],"collection":[{"href":"https:\/\/blickpartners.se\/en\/wp-json\/wp\/v2\/pages"}],"about":[{"href":"https:\/\/blickpartners.se\/en\/wp-json\/wp\/v2\/types\/page"}],"author":[{"embeddable":true,"href":"https:\/\/blickpartners.se\/en\/wp-json\/wp\/v2\/users\/1"}],"replies":[{"embeddable":true,"href":"https:\/\/blickpartners.se\/en\/wp-json\/wp\/v2\/comments?post=211"}],"version-history":[{"count":109,"href":"https:\/\/blickpartners.se\/en\/wp-json\/wp\/v2\/pages\/211\/revisions"}],"predecessor-version":[{"id":720,"href":"https:\/\/blickpartners.se\/en\/wp-json\/wp\/v2\/pages\/211\/revisions\/720"}],"wp:attachment":[{"href":"https:\/\/blickpartners.se\/en\/wp-json\/wp\/v2\/media?parent=211"}],"curies":[{"name":"wp","href":"https:\/\/api.w.org\/{rel}","templated":true}]}}