{"id":291,"date":"2026-01-29T17:07:59","date_gmt":"2026-01-29T17:07:59","guid":{"rendered":"https:\/\/blickpartners.se\/?page_id=291"},"modified":"2026-02-05T16:47:32","modified_gmt":"2026-02-05T16:47:32","slug":"vart-team","status":"publish","type":"page","link":"https:\/\/blickpartners.se\/en\/vart-team\/","title":{"rendered":"Our team"},"content":{"rendered":"<div data-elementor-type=\"wp-page\" data-elementor-id=\"291\" class=\"elementor elementor-291\" data-elementor-post-type=\"page\">\n\t\t\t\t<div class=\"elementor-element elementor-element-8d1a9e5 e-con-full e-flex e-con e-parent\" data-id=\"8d1a9e5\" data-element_type=\"container\" data-e-type=\"container\" data-settings=\"{&quot;background_background&quot;:&quot;classic&quot;}\">\n\t\t<div class=\"elementor-element elementor-element-2979d13 e-flex e-con-boxed e-con e-child\" data-id=\"2979d13\" data-element_type=\"container\" data-e-type=\"container\">\n\t\t\t\t\t<div class=\"e-con-inner\">\n\t\t\t\t<div class=\"elementor-element elementor-element-c754eec elementor-widget__width-initial elementor-widget-mobile__width-inherit elementor-invisible elementor-widget elementor-widget-heading\" data-id=\"c754eec\" data-element_type=\"widget\" data-e-type=\"widget\" data-settings=\"{&quot;_animation&quot;:&quot;fadeInUp&quot;}\" data-widget_type=\"heading.default\">\n\t\t\t\t\t<h1 class=\"elementor-heading-title elementor-size-default\">Our team<\/h1>\t\t\t\t<\/div>\n\t\t\t\t\t<\/div>\n\t\t\t\t<\/div>\n\t\t\t\t<\/div>\n\t\t<div class=\"elementor-element elementor-element-f47823c e-flex e-con-boxed e-con e-parent\" data-id=\"f47823c\" data-element_type=\"container\" data-e-type=\"container\">\n\t\t\t\t\t<div class=\"e-con-inner\">\n\t\t<div class=\"elementor-element elementor-element-39a1c88 e-con-full e-flex e-con e-child\" data-id=\"39a1c88\" data-element_type=\"container\" data-e-type=\"container\">\n\t\t\t\t<\/div>\n\t\t<div class=\"elementor-element elementor-element-9bc56ab e-con-full e-flex e-con e-child\" data-id=\"9bc56ab\" data-element_type=\"container\" data-e-type=\"container\">\n\t\t\t\t<div class=\"elementor-element elementor-element-e6c6375 elementor-flip-box--effect-fade elementor-widget elementor-widget-flip-box\" data-id=\"e6c6375\" data-element_type=\"widget\" data-e-type=\"widget\" data-widget_type=\"flip-box.default\">\n\t\t\t\t\t\t\t<div class=\"elementor-flip-box\" tabindex=\"0\">\n\t\t\t<div class=\"elementor-flip-box__layer elementor-flip-box__front\">\n\t\t\t\t<div class=\"elementor-flip-box__layer__overlay\">\n\t\t\t\t\t<div class=\"elementor-flip-box__layer__inner\">\n\t\t\t\t\t\t\n\t\t\t\t\t\t\t\t\t\t\t\t\t<h3 class=\"elementor-flip-box__layer__title\">\n\t\t\t\t\t\t\t\tTobias Karte\t\t\t\t\t\t\t<\/h3>\n\t\t\t\t\t\t\n\t\t\t\t\t\t\t\t\t\t\t<\/div>\n\t\t\t\t<\/div>\n\t\t\t<\/div>\n\t\t\t<div class=\"elementor-flip-box__layer elementor-flip-box__back\">\n\t\t\t<div class=\"elementor-flip-box__layer__overlay\">\n\t\t\t\t<div class=\"elementor-flip-box__layer__inner\">\n\t\t\t\t\t\t\t\t\t\t\t<h3 class=\"elementor-flip-box__layer__title\">\n\t\t\t\t\t\t\tTobias Karte\t\t\t\t\t\t<\/h3>\n\t\t\t\t\t\n\t\t\t\t\t\t\t\t\t\t\t<div class=\"elementor-flip-box__layer__description\">\n\t\t\t\t\t\t\tTobias has nearly 20 years of experience in Nordic Private Equity and has worked with investments, ownership governance, and value creation throughout the entire investment cycle. He spent twelve years as a partner in the Buyout team at CapMan and has since held leading roles in investments, board work, and transactions. With deep practical experience in ownership changes and management incentives, he brings a clear understanding of both the owner's and management's perspectives.\t\t\t\t\t\t<\/div>\n\t\t\t\t\t\n\t\t\t\t\t\t\t\t\t\t\t<a class=\"elementor-flip-box__button elementor-button elementor-size-sm\" href=\"mailto:tobias.karte@blickpartners.se\">\n\t\t\t\t\t\t\ttobias.karte@blickpartners.se\t\t\t\t\t\t<\/a>\n\t\t\t\t\t\t\t\t<\/div>\n\t\t<\/div>\n\t\t<\/div>\n\t\t<\/div>\n\t\t\t\t\t\t<\/div>\n\t\t\t\t<\/div>\n\t\t<div class=\"elementor-element elementor-element-4a652c1 e-con-full e-flex e-con e-child\" data-id=\"4a652c1\" data-element_type=\"container\" data-e-type=\"container\">\n\t\t\t\t<\/div>\n\t\t\t\t\t<\/div>\n\t\t\t\t<\/div>\n\t\t\t\t<\/div>","protected":false},"excerpt":{"rendered":"<p>V\u00e5rt team Tobias Karte Tobias Karte Tobias har n\u00e4ra 20 \u00e5rs erfarenhet fr\u00e5n nordisk Private Equity och har arbetat med investeringar, \u00e4garstyrning och v\u00e4rdeskapande genom hela investeringscykeln. Han var under tolv \u00e5r partner i Buyout-teamet p\u00e5 CapMan och har d\u00e4refter haft ledande roller inom investeringar, styrelsearbete och transaktioner. Med djup praktisk erfarenhet av \u00e4garf\u00f6r\u00e4ndringar och [&hellip;]<\/p>\n","protected":false},"author":1,"featured_media":0,"parent":0,"menu_order":0,"comment_status":"closed","ping_status":"closed","template":"elementor_header_footer","meta":{"inline_featured_image":false,"footnotes":""},"class_list":["post-291","page","type-page","status-publish","hentry"],"yoast_head":"<!-- This site is optimized with the Yoast SEO plugin v27.3 - https:\/\/yoast.com\/product\/yoast-seo-wordpress\/ -->\n<title>V\u00e5rt team - Blick Partners<\/title>\n<meta name=\"robots\" content=\"index, follow, max-snippet:-1, max-image-preview:large, max-video-preview:-1\" \/>\n<link rel=\"canonical\" href=\"https:\/\/blickpartners.se\/en\/vart-team\/\" \/>\n<meta property=\"og:locale\" content=\"en_GB\" \/>\n<meta property=\"og:type\" content=\"article\" \/>\n<meta property=\"og:title\" content=\"V\u00e5rt team - Blick Partners\" \/>\n<meta property=\"og:description\" content=\"V\u00e5rt team Tobias Karte Tobias Karte Tobias har n\u00e4ra 20 \u00e5rs erfarenhet fr\u00e5n nordisk Private Equity och har arbetat med investeringar, \u00e4garstyrning och v\u00e4rdeskapande genom hela investeringscykeln. Han var under tolv \u00e5r partner i Buyout-teamet p\u00e5 CapMan och har d\u00e4refter haft ledande roller inom investeringar, styrelsearbete och transaktioner. Med djup praktisk erfarenhet av \u00e4garf\u00f6r\u00e4ndringar och [&hellip;]\" \/>\n<meta property=\"og:url\" content=\"https:\/\/blickpartners.se\/en\/vart-team\/\" \/>\n<meta property=\"og:site_name\" content=\"Blick Partners\" \/>\n<meta property=\"article:modified_time\" content=\"2026-02-05T16:47:32+00:00\" \/>\n<meta name=\"twitter:card\" content=\"summary_large_image\" \/>\n<script type=\"application\/ld+json\" class=\"yoast-schema-graph\">{\"@context\":\"https:\\\/\\\/schema.org\",\"@graph\":[{\"@type\":\"WebPage\",\"@id\":\"https:\\\/\\\/blickpartners.se\\\/vart-team\\\/\",\"url\":\"https:\\\/\\\/blickpartners.se\\\/vart-team\\\/\",\"name\":\"V\u00e5rt team - Blick Partners\",\"isPartOf\":{\"@id\":\"https:\\\/\\\/blickpartners.se\\\/#website\"},\"datePublished\":\"2026-01-29T17:07:59+00:00\",\"dateModified\":\"2026-02-05T16:47:32+00:00\",\"breadcrumb\":{\"@id\":\"https:\\\/\\\/blickpartners.se\\\/vart-team\\\/#breadcrumb\"},\"inLanguage\":\"en-GB\",\"potentialAction\":[{\"@type\":\"ReadAction\",\"target\":[\"https:\\\/\\\/blickpartners.se\\\/vart-team\\\/\"]}]},{\"@type\":\"BreadcrumbList\",\"@id\":\"https:\\\/\\\/blickpartners.se\\\/vart-team\\\/#breadcrumb\",\"itemListElement\":[{\"@type\":\"ListItem\",\"position\":1,\"name\":\"Hem\",\"item\":\"https:\\\/\\\/blickpartners.se\\\/\"},{\"@type\":\"ListItem\",\"position\":2,\"name\":\"V\u00e5rt team\"}]},{\"@type\":\"WebSite\",\"@id\":\"https:\\\/\\\/blickpartners.se\\\/#website\",\"url\":\"https:\\\/\\\/blickpartners.se\\\/\",\"name\":\"Blick Partners\",\"description\":\"\",\"publisher\":{\"@id\":\"https:\\\/\\\/blickpartners.se\\\/#organization\"},\"potentialAction\":[{\"@type\":\"SearchAction\",\"target\":{\"@type\":\"EntryPoint\",\"urlTemplate\":\"https:\\\/\\\/blickpartners.se\\\/?s={search_term_string}\"},\"query-input\":{\"@type\":\"PropertyValueSpecification\",\"valueRequired\":true,\"valueName\":\"search_term_string\"}}],\"inLanguage\":\"en-GB\"},{\"@type\":\"Organization\",\"@id\":\"https:\\\/\\\/blickpartners.se\\\/#organization\",\"name\":\"Blick Partners\",\"url\":\"https:\\\/\\\/blickpartners.se\\\/\",\"logo\":{\"@type\":\"ImageObject\",\"inLanguage\":\"en-GB\",\"@id\":\"https:\\\/\\\/blickpartners.se\\\/#\\\/schema\\\/logo\\\/image\\\/\",\"url\":\"https:\\\/\\\/blickpartners.se\\\/wp-content\\\/uploads\\\/2026\\\/01\\\/BLICK-Logo-260121.svg\",\"contentUrl\":\"https:\\\/\\\/blickpartners.se\\\/wp-content\\\/uploads\\\/2026\\\/01\\\/BLICK-Logo-260121.svg\",\"width\":82,\"height\":82,\"caption\":\"Blick Partners\"},\"image\":{\"@id\":\"https:\\\/\\\/blickpartners.se\\\/#\\\/schema\\\/logo\\\/image\\\/\"}}]}<\/script>\n<!-- \/ Yoast SEO plugin. -->","yoast_head_json":{"title":"V\u00e5rt team - Blick Partners","robots":{"index":"index","follow":"follow","max-snippet":"max-snippet:-1","max-image-preview":"max-image-preview:large","max-video-preview":"max-video-preview:-1"},"canonical":"https:\/\/blickpartners.se\/en\/vart-team\/","og_locale":"en_GB","og_type":"article","og_title":"V\u00e5rt team - Blick Partners","og_description":"V\u00e5rt team Tobias Karte Tobias Karte Tobias har n\u00e4ra 20 \u00e5rs erfarenhet fr\u00e5n nordisk Private Equity och har arbetat med investeringar, \u00e4garstyrning och v\u00e4rdeskapande genom hela investeringscykeln. Han var under tolv \u00e5r partner i Buyout-teamet p\u00e5 CapMan och har d\u00e4refter haft ledande roller inom investeringar, styrelsearbete och transaktioner. Med djup praktisk erfarenhet av \u00e4garf\u00f6r\u00e4ndringar och [&hellip;]","og_url":"https:\/\/blickpartners.se\/en\/vart-team\/","og_site_name":"Blick Partners","article_modified_time":"2026-02-05T16:47:32+00:00","twitter_card":"summary_large_image","schema":{"@context":"https:\/\/schema.org","@graph":[{"@type":"WebPage","@id":"https:\/\/blickpartners.se\/vart-team\/","url":"https:\/\/blickpartners.se\/vart-team\/","name":"V\u00e5rt team - Blick Partners","isPartOf":{"@id":"https:\/\/blickpartners.se\/#website"},"datePublished":"2026-01-29T17:07:59+00:00","dateModified":"2026-02-05T16:47:32+00:00","breadcrumb":{"@id":"https:\/\/blickpartners.se\/vart-team\/#breadcrumb"},"inLanguage":"en-GB","potentialAction":[{"@type":"ReadAction","target":["https:\/\/blickpartners.se\/vart-team\/"]}]},{"@type":"BreadcrumbList","@id":"https:\/\/blickpartners.se\/vart-team\/#breadcrumb","itemListElement":[{"@type":"ListItem","position":1,"name":"Hem","item":"https:\/\/blickpartners.se\/"},{"@type":"ListItem","position":2,"name":"V\u00e5rt team"}]},{"@type":"WebSite","@id":"https:\/\/blickpartners.se\/#website","url":"https:\/\/blickpartners.se\/","name":"Blick Partners","description":"","publisher":{"@id":"https:\/\/blickpartners.se\/#organization"},"potentialAction":[{"@type":"SearchAction","target":{"@type":"EntryPoint","urlTemplate":"https:\/\/blickpartners.se\/?s={search_term_string}"},"query-input":{"@type":"PropertyValueSpecification","valueRequired":true,"valueName":"search_term_string"}}],"inLanguage":"en-GB"},{"@type":"Organization","@id":"https:\/\/blickpartners.se\/#organization","name":"Blick Partners","url":"https:\/\/blickpartners.se\/","logo":{"@type":"ImageObject","inLanguage":"en-GB","@id":"https:\/\/blickpartners.se\/#\/schema\/logo\/image\/","url":"https:\/\/blickpartners.se\/wp-content\/uploads\/2026\/01\/BLICK-Logo-260121.svg","contentUrl":"https:\/\/blickpartners.se\/wp-content\/uploads\/2026\/01\/BLICK-Logo-260121.svg","width":82,"height":82,"caption":"Blick Partners"},"image":{"@id":"https:\/\/blickpartners.se\/#\/schema\/logo\/image\/"}}]}},"_links":{"self":[{"href":"https:\/\/blickpartners.se\/en\/wp-json\/wp\/v2\/pages\/291","targetHints":{"allow":["GET"]}}],"collection":[{"href":"https:\/\/blickpartners.se\/en\/wp-json\/wp\/v2\/pages"}],"about":[{"href":"https:\/\/blickpartners.se\/en\/wp-json\/wp\/v2\/types\/page"}],"author":[{"embeddable":true,"href":"https:\/\/blickpartners.se\/en\/wp-json\/wp\/v2\/users\/1"}],"replies":[{"embeddable":true,"href":"https:\/\/blickpartners.se\/en\/wp-json\/wp\/v2\/comments?post=291"}],"version-history":[{"count":25,"href":"https:\/\/blickpartners.se\/en\/wp-json\/wp\/v2\/pages\/291\/revisions"}],"predecessor-version":[{"id":598,"href":"https:\/\/blickpartners.se\/en\/wp-json\/wp\/v2\/pages\/291\/revisions\/598"}],"wp:attachment":[{"href":"https:\/\/blickpartners.se\/en\/wp-json\/wp\/v2\/media?parent=291"}],"curies":[{"name":"wp","href":"https:\/\/api.w.org\/{rel}","templated":true}]}}